{"id":1222,"date":"2025-05-02T20:58:08","date_gmt":"2025-05-03T01:58:08","guid":{"rendered":"https:\/\/jkcs.us\/?page_id=1222"},"modified":"2025-05-02T21:08:08","modified_gmt":"2025-05-03T02:08:08","slug":"limpieza-regular","status":"publish","type":"page","link":"https:\/\/jkcs.us\/index.php\/limpieza-regular\/","title":{"rendered":"LIMPIEZA REGULAR"},"content":{"rendered":"\t\t<div data-elementor-type=\"wp-page\" data-elementor-id=\"1222\" class=\"elementor elementor-1222\" data-elementor-post-type=\"page\">\n\t\t\t\t<div class=\"elementor-element elementor-element-4447d58e e-flex e-con-boxed e-con e-parent\" data-id=\"4447d58e\" data-element_type=\"container\">\n\t\t\t\t\t<div class=\"e-con-inner\">\n\t\t<div class=\"elementor-element elementor-element-624b3c78 e-con-full e-flex e-con e-child\" data-id=\"624b3c78\" data-element_type=\"container\">\n\t\t\t\t<div class=\"elementor-element elementor-element-6e55c23e elementor-widget elementor-widget-heading\" data-id=\"6e55c23e\" data-element_type=\"widget\" data-widget_type=\"heading.default\">\n\t\t\t\t<div class=\"elementor-widget-container\">\n\t\t\t\t\t<h2 class=\"elementor-heading-title elementor-size-default\">Limpieza Regular\n<div><span style=\"font-size: 2rem;\"><\/span><\/div><\/h2>\t\t\t\t<\/div>\n\t\t\t\t<\/div>\n\t\t\t\t<div class=\"elementor-element elementor-element-81ed7f2 elementor-widget elementor-widget-image\" data-id=\"81ed7f2\" data-element_type=\"widget\" data-widget_type=\"image.default\">\n\t\t\t\t<div class=\"elementor-widget-container\">\n\t\t\t\t\t\t\t\t\t\t\t\t\t\t\t<img fetchpriority=\"high\" decoding=\"async\" width=\"768\" height=\"1024\" src=\"https:\/\/jkcs.us\/wp-content\/uploads\/2025\/04\/WhatsApp-Image-2025-04-02-at-16.05.13-2-768x1024.jpeg\" class=\"attachment-large size-large wp-image-691\" alt=\"\" srcset=\"https:\/\/jkcs.us\/wp-content\/uploads\/2025\/04\/WhatsApp-Image-2025-04-02-at-16.05.13-2-768x1024.jpeg 768w, https:\/\/jkcs.us\/wp-content\/uploads\/2025\/04\/WhatsApp-Image-2025-04-02-at-16.05.13-2-225x300.jpeg 225w, https:\/\/jkcs.us\/wp-content\/uploads\/2025\/04\/WhatsApp-Image-2025-04-02-at-16.05.13-2-1152x1536.jpeg 1152w, https:\/\/jkcs.us\/wp-content\/uploads\/2025\/04\/WhatsApp-Image-2025-04-02-at-16.05.13-2.jpeg 1500w\" sizes=\"(max-width: 768px) 100vw, 768px\" \/>\t\t\t\t\t\t\t\t\t\t\t\t\t\t\t<\/div>\n\t\t\t\t<\/div>\n\t\t\t\t<\/div>\n\t\t<div class=\"elementor-element elementor-element-1239e6ff e-con-full e-flex e-con e-child\" data-id=\"1239e6ff\" data-element_type=\"container\">\n\t\t\t\t<div class=\"elementor-element elementor-element-42adc042 elementor-widget elementor-widget-text-editor\" data-id=\"42adc042\" data-element_type=\"widget\" data-widget_type=\"text-editor.default\">\n\t\t\t\t<div class=\"elementor-widget-container\">\n\t\t\t\t\t\t\t\t\t<p>La limpieza regular est\u00e1 dise\u00f1ada para mantener su hogar u oficina en \u00f3ptimas condiciones de forma constante. Este servicio se centra en tareas b\u00e1sicas y rutinarias que ayudan a prevenir la acumulaci\u00f3n de suciedad. Generalmente se realiza semanal, quincenal o mensualmente, seg\u00fan sus necesidades.<\/p><p><strong>Incluye:<\/strong><\/p><ul><li>Quitar el polvo de superficies (muebles, mesas, estantes, etc.)<\/li><li>Limpieza de ba\u00f1os (lavabos, inodoros, espejos, duchas\/ba\u00f1eras)<\/li><li>Limpieza de cocinas (encimeras, fregaderos, exterior de electrodom\u00e9sticos)<\/li><li>Barrer y fregar pisos<\/li><li>Aspirar alfombras y tapetes<\/li><li>Vaciar los contenedores de basura<\/li><\/ul><p><strong>\u00bfPor qu\u00e9 es importante la limpieza regular?<\/strong><\/p><p>La limpieza regular no solo mantiene tu espacio ordenado y agradable, sino que tambi\u00e9n contribuye significativamente a tu bienestar y calidad de vida.<\/p><p><strong>Beneficios para usted y su familia:<\/strong><\/p><p>1.\u2060 <em>\u2060Ambiente saludable<\/em>: Eliminar frecuentemente el polvo, las bacterias, los al\u00e9rgenos y el moho ayuda a prevenir problemas respiratorios y alergias.<\/p><p>2.\u2060 <em>\u2060Menos estr\u00e9s y m\u00e1s comodidad:<\/em> Vivir o trabajar en un espacio limpio y organizado brinda tranquilidad, mejora el estado de \u00e1nimo y aumenta la productividad.<\/p><p>3.\u2060<em> \u2060Mayor vida \u00fatil de muebles y superficies<\/em>: El mantenimiento regular previene el desgaste prematuro de muebles, pisos y electrodom\u00e9sticos.<\/p><p>4.\u2060 \u2060<em>Previene la acumulaci\u00f3n de suciedad<\/em>: La limpieza continua detiene la acumulaci\u00f3n de grasa, cal y suciedad dif\u00edcil de eliminar, reduciendo la necesidad de costosas limpiezas profundas.<\/p><p>5.\u2060 \u2060<em>Mejor impresi\u00f3n para hu\u00e9spedes o clientes<\/em>: Ya sea en casa o en su negocio, un espacio limpio transmite responsabilidad, profesionalismo y cuidado.<\/p><p>6.\u2060 \u2060<em>Uso de productos profesionales y ecol\u00f3gicos<\/em>: En <strong>JK Cleaning Solutions,<\/strong> utilizamos productos de limpieza profesionales de alta calidad, seguros para su familia y el medio ambiente. Elegimos f\u00f3rmulas eficaces que cuidan las superficies y protegen la salud de todos.<\/p>\t\t\t\t\t\t\t\t<\/div>\n\t\t\t\t<\/div>\n\t\t\t\t<\/div>\n\t\t\t\t\t<\/div>\n\t\t\t\t<\/div>\n\t\t\t\t<\/div>\n\t\t","protected":false},"excerpt":{"rendered":"<p>Limpieza Regular La limpieza regular est\u00e1 dise\u00f1ada para mantener su hogar u oficina en \u00f3ptimas condiciones de forma constante. Este servicio se centra en tareas b\u00e1sicas y rutinarias que ayudan a prevenir la acumulaci\u00f3n de suciedad. Generalmente se realiza semanal, quincenal o mensualmente, seg\u00fan sus necesidades. Incluye: Quitar el polvo de superficies (muebles, mesas, estantes, [&hellip;]<\/p>\n","protected":false},"author":1,"featured_media":0,"parent":0,"menu_order":0,"comment_status":"closed","ping_status":"closed","template":"","meta":{"footnotes":""},"class_list":["post-1222","page","type-page","status-publish","hentry"],"_links":{"self":[{"href":"https:\/\/jkcs.us\/index.php\/wp-json\/wp\/v2\/pages\/1222","targetHints":{"allow":["GET"]}}],"collection":[{"href":"https:\/\/jkcs.us\/index.php\/wp-json\/wp\/v2\/pages"}],"about":[{"href":"https:\/\/jkcs.us\/index.php\/wp-json\/wp\/v2\/types\/page"}],"author":[{"embeddable":true,"href":"https:\/\/jkcs.us\/index.php\/wp-json\/wp\/v2\/users\/1"}],"replies":[{"embeddable":true,"href":"https:\/\/jkcs.us\/index.php\/wp-json\/wp\/v2\/comments?post=1222"}],"version-history":[{"count":7,"href":"https:\/\/jkcs.us\/index.php\/wp-json\/wp\/v2\/pages\/1222\/revisions"}],"predecessor-version":[{"id":1237,"href":"https:\/\/jkcs.us\/index.php\/wp-json\/wp\/v2\/pages\/1222\/revisions\/1237"}],"wp:attachment":[{"href":"https:\/\/jkcs.us\/index.php\/wp-json\/wp\/v2\/media?parent=1222"}],"curies":[{"name":"wp","href":"https:\/\/api.w.org\/{rel}","templated":true}]}}