{"id":1241,"date":"2025-05-02T21:10:15","date_gmt":"2025-05-03T02:10:15","guid":{"rendered":"https:\/\/jkcs.us\/?page_id=1241"},"modified":"2025-05-02T21:16:15","modified_gmt":"2025-05-03T02:16:15","slug":"limpieza-profunda","status":"publish","type":"page","link":"https:\/\/jkcs.us\/index.php\/limpieza-profunda\/","title":{"rendered":"LIMPIEZA PROFUNDA"},"content":{"rendered":"\t\t<div data-elementor-type=\"wp-page\" data-elementor-id=\"1241\" class=\"elementor elementor-1241\" data-elementor-post-type=\"page\">\n\t\t\t\t<div class=\"elementor-element elementor-element-76336f3 e-flex e-con-boxed e-con e-parent\" data-id=\"76336f3\" data-element_type=\"container\">\n\t\t\t\t\t<div class=\"e-con-inner\">\n\t\t<div class=\"elementor-element elementor-element-19fd317c e-con-full e-flex e-con e-child\" data-id=\"19fd317c\" data-element_type=\"container\">\n\t\t\t\t<div class=\"elementor-element elementor-element-3f02fa83 elementor-widget elementor-widget-heading\" data-id=\"3f02fa83\" data-element_type=\"widget\" data-widget_type=\"heading.default\">\n\t\t\t\t<div class=\"elementor-widget-container\">\n\t\t\t\t\t<h2 class=\"elementor-heading-title elementor-size-default\"><h2 data-elementor-setting-key=\"title\" data-pen-placeholder=\"Teclea aqu\u00ed...\" style=\"font-family: Roboto, sans-serif; font-weight: 600; color: rgb(110, 193, 228);\"><span style=\"color: rgb(8, 8, 8); font-family: Poppins, sans-serif; font-size: 2rem; white-space-collapse: collapse;\">Limpieza profunda<\/span><span style=\"font-size: 2rem;\"><\/span><\/h2><\/h2>\t\t\t\t<\/div>\n\t\t\t\t<\/div>\n\t\t\t\t<div class=\"elementor-element elementor-element-7e693023 elementor-widget elementor-widget-video\" data-id=\"7e693023\" data-element_type=\"widget\" data-settings=\"{&quot;youtube_url&quot;:&quot;https:\\\/\\\/youtube.com\\\/shorts\\\/rx1eA2J6Mjk&quot;,&quot;video_type&quot;:&quot;youtube&quot;,&quot;controls&quot;:&quot;yes&quot;}\" data-widget_type=\"video.default\">\n\t\t\t\t<div class=\"elementor-widget-container\">\n\t\t\t\t\t\t\t<div class=\"elementor-wrapper elementor-open-inline\">\n\t\t\t<div class=\"elementor-video\"><\/div>\t\t<\/div>\n\t\t\t\t\t\t<\/div>\n\t\t\t\t<\/div>\n\t\t\t\t<\/div>\n\t\t<div class=\"elementor-element elementor-element-78e79066 e-con-full e-flex e-con e-child\" data-id=\"78e79066\" data-element_type=\"container\">\n\t\t\t\t<div class=\"elementor-element elementor-element-27ae9311 elementor-widget elementor-widget-text-editor\" data-id=\"27ae9311\" data-element_type=\"widget\" data-widget_type=\"text-editor.default\">\n\t\t\t\t<div class=\"elementor-widget-container\">\n\t\t\t\t\t\t\t\t\t<p><em>La limpieza profunda<\/em> es un servicio minucioso y detallado que va m\u00e1s all\u00e1 de la limpieza regular. Est\u00e1 dise\u00f1ada para eliminar la suciedad, la grasa y el polvo acumulados en zonas de dif\u00edcil acceso, as\u00ed como las bacterias en \u00e1reas que no se limpian con frecuencia. Este tipo de limpieza es ideal para iniciar una rutina de mantenimiento regular o para ocasiones espec\u00edficas, como mudanzas, cambios de temporada o despu\u00e9s de una reforma.<\/p><p><strong>\u00bfQu\u00e9 incluye?<\/strong><\/p><ul><li>Limpieza detr\u00e1s y debajo de muebles y electrodom\u00e9sticos<\/li><li>Limpieza interior de gabinetes, hornos, refrigeradores y microondas<\/li><li>Limpieza detallada de l\u00edneas de lechada, esquinas y z\u00f3calos<\/li><li>Limpieza profunda de ba\u00f1os (azulejos, lechada, accesorios)<\/li><li>Eliminaci\u00f3n de cal, grasa y manchas dif\u00edciles<\/li><li>Limpieza de puertas, marcos de ventanas, ventiladores, persianas, etc.<\/li><\/ul><p>\u00a0<\/p><p><strong>Beneficios de la limpieza profunda:<\/strong><\/p><p>1.\u2060 \u2060<em>Ambiente m\u00e1s saludable:<\/em> Elimina bacterias, \u00e1caros, moho y al\u00e9rgenos acumulados.<\/p><p>2.\u2060 \u2060<em>Mayor sensaci\u00f3n de frescura y renovaci\u00f3n:<\/em> Tu espacio lucir\u00e1 y se sentir\u00e1 como nuevo.<\/p><p>3.\u2060 \u2060<em>Prevenci\u00f3n de da\u00f1os<\/em>: Ayuda a preservar tus muebles, electrodom\u00e9sticos y superficies.<\/p><p>4.\u2060<em> \u2060Base perfecta para un mantenimiento regular<\/em>: Despu\u00e9s de una limpieza profunda, es m\u00e1s f\u00e1cil mantener tu hogar limpio con un mantenimiento regular.<\/p>\t\t\t\t\t\t\t\t<\/div>\n\t\t\t\t<\/div>\n\t\t\t\t<\/div>\n\t\t\t\t\t<\/div>\n\t\t\t\t<\/div>\n\t\t\t\t<\/div>\n\t\t","protected":false},"excerpt":{"rendered":"<p>Limpieza profunda https:\/\/youtube.com\/shorts\/rx1eA2J6Mjk La limpieza profunda es un servicio minucioso y detallado que va m\u00e1s all\u00e1 de la limpieza regular. Est\u00e1 dise\u00f1ada para eliminar la suciedad, la grasa y el polvo acumulados en zonas de dif\u00edcil acceso, as\u00ed como las bacterias en \u00e1reas que no se limpian con frecuencia. Este tipo de limpieza es ideal [&hellip;]<\/p>\n","protected":false},"author":1,"featured_media":0,"parent":0,"menu_order":0,"comment_status":"closed","ping_status":"closed","template":"","meta":{"footnotes":""},"class_list":["post-1241","page","type-page","status-publish","hentry"],"_links":{"self":[{"href":"https:\/\/jkcs.us\/index.php\/wp-json\/wp\/v2\/pages\/1241","targetHints":{"allow":["GET"]}}],"collection":[{"href":"https:\/\/jkcs.us\/index.php\/wp-json\/wp\/v2\/pages"}],"about":[{"href":"https:\/\/jkcs.us\/index.php\/wp-json\/wp\/v2\/types\/page"}],"author":[{"embeddable":true,"href":"https:\/\/jkcs.us\/index.php\/wp-json\/wp\/v2\/users\/1"}],"replies":[{"embeddable":true,"href":"https:\/\/jkcs.us\/index.php\/wp-json\/wp\/v2\/comments?post=1241"}],"version-history":[{"count":7,"href":"https:\/\/jkcs.us\/index.php\/wp-json\/wp\/v2\/pages\/1241\/revisions"}],"predecessor-version":[{"id":1250,"href":"https:\/\/jkcs.us\/index.php\/wp-json\/wp\/v2\/pages\/1241\/revisions\/1250"}],"wp:attachment":[{"href":"https:\/\/jkcs.us\/index.php\/wp-json\/wp\/v2\/media?parent=1241"}],"curies":[{"name":"wp","href":"https:\/\/api.w.org\/{rel}","templated":true}]}}