{"id":1254,"date":"2025-05-02T21:19:22","date_gmt":"2025-05-03T02:19:22","guid":{"rendered":"https:\/\/jkcs.us\/?page_id=1254"},"modified":"2025-05-02T23:05:35","modified_gmt":"2025-05-03T04:05:35","slug":"limpieza-vacacional-renta","status":"publish","type":"page","link":"https:\/\/jkcs.us\/index.php\/limpieza-vacacional-renta\/","title":{"rendered":"LIMPIEZA VACACIONAL RENTA"},"content":{"rendered":"\t\t<div data-elementor-type=\"wp-page\" data-elementor-id=\"1254\" class=\"elementor elementor-1254\" data-elementor-post-type=\"page\">\n\t\t\t\t<div class=\"elementor-element elementor-element-765ffc30 e-flex e-con-boxed e-con e-parent\" data-id=\"765ffc30\" data-element_type=\"container\">\n\t\t\t\t\t<div class=\"e-con-inner\">\n\t\t<div class=\"elementor-element elementor-element-7d384fdc e-con-full e-flex e-con e-child\" data-id=\"7d384fdc\" data-element_type=\"container\">\n\t\t\t\t<div class=\"elementor-element elementor-element-13eda745 elementor-widget elementor-widget-heading\" data-id=\"13eda745\" data-element_type=\"widget\" data-widget_type=\"heading.default\">\n\t\t\t\t<div class=\"elementor-widget-container\">\n\t\t\t\t\t<h2 class=\"elementor-heading-title elementor-size-default\"><span style=\"color: rgb(8, 8, 8); font-family: Poppins, sans-serif; font-size: 2rem; white-space-collapse: collapse;\">Servicio de limpieza de alquileres vacacionales<\/span><\/h2>\t\t\t\t<\/div>\n\t\t\t\t<\/div>\n\t\t\t\t<div class=\"elementor-element elementor-element-16ae9983 elementor-widget elementor-widget-image\" data-id=\"16ae9983\" data-element_type=\"widget\" data-widget_type=\"image.default\">\n\t\t\t\t<div class=\"elementor-widget-container\">\n\t\t\t\t\t\t\t\t\t\t\t\t\t\t\t<img fetchpriority=\"high\" decoding=\"async\" width=\"800\" height=\"1000\" src=\"https:\/\/jkcs.us\/wp-content\/uploads\/2025\/03\/471627557_439822459203192_4470619573512236426_n-819x1024.jpg\" class=\"attachment-large size-large wp-image-87\" alt=\"\" srcset=\"https:\/\/jkcs.us\/wp-content\/uploads\/2025\/03\/471627557_439822459203192_4470619573512236426_n-819x1024.jpg 819w, https:\/\/jkcs.us\/wp-content\/uploads\/2025\/03\/471627557_439822459203192_4470619573512236426_n-240x300.jpg 240w, https:\/\/jkcs.us\/wp-content\/uploads\/2025\/03\/471627557_439822459203192_4470619573512236426_n-768x960.jpg 768w, https:\/\/jkcs.us\/wp-content\/uploads\/2025\/03\/471627557_439822459203192_4470619573512236426_n-1229x1536.jpg 1229w, https:\/\/jkcs.us\/wp-content\/uploads\/2025\/03\/471627557_439822459203192_4470619573512236426_n.jpg 1440w\" sizes=\"(max-width: 800px) 100vw, 800px\" \/>\t\t\t\t\t\t\t\t\t\t\t\t\t\t\t<\/div>\n\t\t\t\t<\/div>\n\t\t\t\t<\/div>\n\t\t<div class=\"elementor-element elementor-element-27c536e e-con-full e-flex e-con e-child\" data-id=\"27c536e\" data-element_type=\"container\">\n\t\t\t\t<div class=\"elementor-element elementor-element-3c50f83c elementor-widget elementor-widget-text-editor\" data-id=\"3c50f83c\" data-element_type=\"widget\" data-widget_type=\"text-editor.default\">\n\t\t\t\t<div class=\"elementor-widget-container\">\n\t\t\t\t\t\t\t\t\t<p>En <strong>JK Cleaning Solutions,<\/strong> entendemos la importancia de brindar a cada hu\u00e9sped una experiencia impecable. Nuestro servicio de limpieza de alquileres vacacionales est\u00e1 dise\u00f1ado para dejar la propiedad en perfectas condiciones, lista para recibir al pr\u00f3ximo inquilino o viajero.<\/p><p><strong>\u00bfQu\u00e9 incluye?<\/strong><\/p><ul><li>Limpieza a fondo de ba\u00f1os y cocina<\/li><li>Cambio de s\u00e1banas y tendido de camas<\/li><li>Limpieza y desinfecci\u00f3n de superficies de alto contacto<\/li><li>Barrido, aspirado y fregado de pisos<\/li><li>Reposici\u00f3n de suministros b\u00e1sicos (jab\u00f3n, papel higi\u00e9nico, etc., a solicitud del cliente)<\/li><li>Inspecci\u00f3n general de orden y presentaci\u00f3n<\/li><li>Ventilaci\u00f3n del espacio y control de olores<\/li><li>Recogida de basura y organizaci\u00f3n de \u00e1reas<\/li><\/ul><p>\u00a0<\/p><p><strong>Beneficios del servicio:<\/strong><\/p><p>1. <em>Primera impresi\u00f3n impecable<\/em>: Un espacio limpio y ordenado genera confianza y satisfacci\u00f3n inmediatas en los hu\u00e9spedes.<\/p><p>2<em>. Mejores valoraciones en plataformas de reserva<\/em>: La limpieza es uno de los factores mejor valorados en plataformas como Airbnb y Booking.<\/p><p>3.<em> Entrega eficiente<\/em>: Garantizamos limpiezas r\u00e1pidas y de alta calidad entre la salida y la entrada, sin retrasos para los nuevos hu\u00e9spedes.<\/p><p>4. \u2060 <em>Mantenimiento preventivo:<\/em> Identificamos peque\u00f1os problemas que puedan requerir atenci\u00f3n para mantener la propiedad en excelentes condiciones.<\/p><p><strong>La importancia de un servicio profesional:<\/strong><\/p><p>En el alquiler de propiedades, cada detalle importa. Un servicio de limpieza profesional garantiza que la experiencia de cada hu\u00e9sped sea c\u00f3moda, segura y agradable, lo que aumenta las posibilidades de obtener rese\u00f1as positivas y reservas recurrentes.<\/p><p><strong>Productos ecol\u00f3gicos y seguros:<\/strong><\/p><p>Utilizamos productos de limpieza profesionales, efectivos y ecol\u00f3gicos seleccionados para proteger la salud de los hu\u00e9spedes y el medio ambiente, sin comprometer la calidad del servicio.<\/p><p><strong>Equipo calificado y confiable:<\/strong><\/p><p>Nuestro personal est\u00e1 capacitado espec\u00edficamente para la limpieza de alquileres vacacionales. Siguen protocolos detallados para garantizar la organizaci\u00f3n, la desinfecci\u00f3n y una presentaci\u00f3n impecable, trabajando con rapidez, eficiencia y respeto por la propiedad.<\/p>\t\t\t\t\t\t\t\t<\/div>\n\t\t\t\t<\/div>\n\t\t\t\t<\/div>\n\t\t\t\t\t<\/div>\n\t\t\t\t<\/div>\n\t\t\t\t<\/div>\n\t\t","protected":false},"excerpt":{"rendered":"<p>Servicio de limpieza de alquileres vacacionales En JK Cleaning Solutions, entendemos la importancia de brindar a cada hu\u00e9sped una experiencia impecable. Nuestro servicio de limpieza de alquileres vacacionales est\u00e1 dise\u00f1ado para dejar la propiedad en perfectas condiciones, lista para recibir al pr\u00f3ximo inquilino o viajero. \u00bfQu\u00e9 incluye? Limpieza a fondo de ba\u00f1os y cocina Cambio [&hellip;]<\/p>\n","protected":false},"author":1,"featured_media":0,"parent":0,"menu_order":0,"comment_status":"closed","ping_status":"closed","template":"","meta":{"footnotes":""},"class_list":["post-1254","page","type-page","status-publish","hentry"],"_links":{"self":[{"href":"https:\/\/jkcs.us\/index.php\/wp-json\/wp\/v2\/pages\/1254","targetHints":{"allow":["GET"]}}],"collection":[{"href":"https:\/\/jkcs.us\/index.php\/wp-json\/wp\/v2\/pages"}],"about":[{"href":"https:\/\/jkcs.us\/index.php\/wp-json\/wp\/v2\/types\/page"}],"author":[{"embeddable":true,"href":"https:\/\/jkcs.us\/index.php\/wp-json\/wp\/v2\/users\/1"}],"replies":[{"embeddable":true,"href":"https:\/\/jkcs.us\/index.php\/wp-json\/wp\/v2\/comments?post=1254"}],"version-history":[{"count":4,"href":"https:\/\/jkcs.us\/index.php\/wp-json\/wp\/v2\/pages\/1254\/revisions"}],"predecessor-version":[{"id":1359,"href":"https:\/\/jkcs.us\/index.php\/wp-json\/wp\/v2\/pages\/1254\/revisions\/1359"}],"wp:attachment":[{"href":"https:\/\/jkcs.us\/index.php\/wp-json\/wp\/v2\/media?parent=1254"}],"curies":[{"name":"wp","href":"https:\/\/api.w.org\/{rel}","templated":true}]}}