{"id":1277,"date":"2025-05-02T21:45:28","date_gmt":"2025-05-03T02:45:28","guid":{"rendered":"https:\/\/jkcs.us\/?page_id=1277"},"modified":"2025-05-02T21:51:50","modified_gmt":"2025-05-03T02:51:50","slug":"limpieza-de-entrada-y-salida","status":"publish","type":"page","link":"https:\/\/jkcs.us\/index.php\/limpieza-de-entrada-y-salida\/","title":{"rendered":"LIMPIEZA DE ENTRADA Y SALIDA"},"content":{"rendered":"\t\t<div data-elementor-type=\"wp-page\" data-elementor-id=\"1277\" class=\"elementor elementor-1277\" data-elementor-post-type=\"page\">\n\t\t\t\t<div class=\"elementor-element elementor-element-5cef09ba e-flex e-con-boxed e-con e-parent\" data-id=\"5cef09ba\" data-element_type=\"container\">\n\t\t\t\t\t<div class=\"e-con-inner\">\n\t\t<div class=\"elementor-element elementor-element-3c9d1b4c e-con-full e-flex e-con e-child\" data-id=\"3c9d1b4c\" data-element_type=\"container\">\n\t\t\t\t<div class=\"elementor-element elementor-element-550a6cb6 elementor-widget elementor-widget-heading\" data-id=\"550a6cb6\" data-element_type=\"widget\" data-widget_type=\"heading.default\">\n\t\t\t\t<div class=\"elementor-widget-container\">\n\t\t\t\t\t<h2 class=\"elementor-heading-title elementor-size-default\"><h2 class=\"elementor-heading-title elementor-size-default\" style=\"font-family: Poppins, sans-serif; font-weight: 600; color: rgb(8, 8, 8); white-space-collapse: collapse;\">Limpieza de entrada\/salida<\/h2><\/h2>\t\t\t\t<\/div>\n\t\t\t\t<\/div>\n\t\t\t\t<div class=\"elementor-element elementor-element-40753183 elementor-widget elementor-widget-image\" data-id=\"40753183\" data-element_type=\"widget\" data-widget_type=\"image.default\">\n\t\t\t\t<div class=\"elementor-widget-container\">\n\t\t\t\t\t\t\t\t\t\t\t\t\t\t\t<img fetchpriority=\"high\" decoding=\"async\" width=\"800\" height=\"477\" src=\"https:\/\/jkcs.us\/wp-content\/uploads\/2025\/04\/1.33.47-1024x611.jpeg\" class=\"attachment-large size-large wp-image-797\" alt=\"\" srcset=\"https:\/\/jkcs.us\/wp-content\/uploads\/2025\/04\/1.33.47-1024x611.jpeg 1024w, https:\/\/jkcs.us\/wp-content\/uploads\/2025\/04\/1.33.47-300x179.jpeg 300w, https:\/\/jkcs.us\/wp-content\/uploads\/2025\/04\/1.33.47-768x458.jpeg 768w, https:\/\/jkcs.us\/wp-content\/uploads\/2025\/04\/1.33.47.jpeg 1079w\" sizes=\"(max-width: 800px) 100vw, 800px\" \/>\t\t\t\t\t\t\t\t\t\t\t\t\t\t\t<\/div>\n\t\t\t\t<\/div>\n\t\t\t\t<div class=\"elementor-element elementor-element-2df9009a elementor-widget elementor-widget-image\" data-id=\"2df9009a\" data-element_type=\"widget\" data-widget_type=\"image.default\">\n\t\t\t\t<div class=\"elementor-widget-container\">\n\t\t\t\t\t\t\t\t\t\t\t\t\t\t\t<img decoding=\"async\" width=\"800\" height=\"600\" src=\"https:\/\/jkcs.us\/wp-content\/uploads\/2025\/04\/13-1024x768.jpeg\" class=\"attachment-large size-large wp-image-799\" alt=\"\" srcset=\"https:\/\/jkcs.us\/wp-content\/uploads\/2025\/04\/13-1024x768.jpeg 1024w, https:\/\/jkcs.us\/wp-content\/uploads\/2025\/04\/13-300x225.jpeg 300w, https:\/\/jkcs.us\/wp-content\/uploads\/2025\/04\/13-768x576.jpeg 768w, https:\/\/jkcs.us\/wp-content\/uploads\/2025\/04\/13-1536x1152.jpeg 1536w, https:\/\/jkcs.us\/wp-content\/uploads\/2025\/04\/13.jpeg 2000w\" sizes=\"(max-width: 800px) 100vw, 800px\" \/>\t\t\t\t\t\t\t\t\t\t\t\t\t\t\t<\/div>\n\t\t\t\t<\/div>\n\t\t\t\t<\/div>\n\t\t<div class=\"elementor-element elementor-element-13547f51 e-con-full e-flex e-con e-child\" data-id=\"13547f51\" data-element_type=\"container\">\n\t\t\t\t<div class=\"elementor-element elementor-element-75ee8b58 elementor-widget elementor-widget-text-editor\" data-id=\"75ee8b58\" data-element_type=\"widget\" data-widget_type=\"text-editor.default\">\n\t\t\t\t<div class=\"elementor-widget-container\">\n\t\t\t\t\t\t\t\t\t<div class=\"gtx-body\"><em>Deje o entre a su nuevo hogar u oficina completamente limpio y listo.<\/em><\/div><p>En <strong>JK Cleaning Solutions<\/strong> ofrecemos un servicio especializado de limpieza de entrada y salida, ideal para quienes se mudan y necesitan dejar o recibir un espacio en perfectas condiciones.<\/p><p><strong>\u00bfQu\u00e9 incluye este servicio?<\/strong><\/p><ul><li>Limpieza profunda de ba\u00f1os y cocina (incluye el interior del horno, refrigerador y microondas, previa solicitud)<\/li><li>Limpieza del interior de gabinetes y armarios<\/li><li>Limpieza de ventanas, marcos, z\u00f3calos, puertas y paredes<\/li><li>Aspirado y trapeado de todos los pisos<\/li><li>Eliminaci\u00f3n de polvo y suciedad acumulada en esquinas, techos y superficies altas<\/li><li>Desinfecci\u00f3n de \u00e1reas de alto contacto<\/li><\/ul><p>\u00a0<\/p><p><strong>Beneficios del servicio de mudanza:<\/strong><\/p><p><em>Entrega impecable<\/em>: Ayuda a cumplir con los requisitos de limpieza para la devoluci\u00f3n del dep\u00f3sito de alquiler.<\/p><p><em>Un nuevo comienzo<\/em>: Garantiza la higiene y la ausencia de residuos de los anteriores ocupantes en su nuevo hogar.<\/p><p><em> Ahorra tiempo y energ\u00eda<\/em>: Nos encargamos de todo para que usted pueda centrarse en su mudanza.<\/p><p><em>Mejor presentaci\u00f3n<\/em>: Ideal para propietarios o agentes inmobiliarios que desean presentar su propiedad a posibles inquilinos o compradores.<\/p><p><strong>Personal capacitado y productos de calidad:<\/strong><br \/>Contamos con un equipo profesional y confiable, capacitado en t\u00e9cnicas de limpieza profunda para mudanzas. Utilizamos productos ecol\u00f3gicos de alta calidad, seguros para la salud y eficaces incluso contra la suciedad m\u00e1s resistente.<\/p><p><strong>La importancia de una limpieza profesional al mudarse:<\/strong><br \/>Una limpieza adecuada garantiza un ambiente fresco, seguro y libre de contaminantes. Adem\u00e1s, ayuda a mantener el espacio en buen estado y brinda tranquilidad tanto a los residentes que se van como a los que llegan.<\/p>\t\t\t\t\t\t\t\t<\/div>\n\t\t\t\t<\/div>\n\t\t\t\t<\/div>\n\t\t\t\t\t<\/div>\n\t\t\t\t<\/div>\n\t\t\t\t<\/div>\n\t\t","protected":false},"excerpt":{"rendered":"<p>Limpieza de entrada\/salida Deje o entre a su nuevo hogar u oficina completamente limpio y listo. En JK Cleaning Solutions ofrecemos un servicio especializado de limpieza de entrada y salida, ideal para quienes se mudan y necesitan dejar o recibir un espacio en perfectas condiciones. \u00bfQu\u00e9 incluye este servicio? Limpieza profunda de ba\u00f1os y cocina [&hellip;]<\/p>\n","protected":false},"author":1,"featured_media":0,"parent":0,"menu_order":0,"comment_status":"closed","ping_status":"closed","template":"","meta":{"footnotes":""},"class_list":["post-1277","page","type-page","status-publish","hentry"],"_links":{"self":[{"href":"https:\/\/jkcs.us\/index.php\/wp-json\/wp\/v2\/pages\/1277","targetHints":{"allow":["GET"]}}],"collection":[{"href":"https:\/\/jkcs.us\/index.php\/wp-json\/wp\/v2\/pages"}],"about":[{"href":"https:\/\/jkcs.us\/index.php\/wp-json\/wp\/v2\/types\/page"}],"author":[{"embeddable":true,"href":"https:\/\/jkcs.us\/index.php\/wp-json\/wp\/v2\/users\/1"}],"replies":[{"embeddable":true,"href":"https:\/\/jkcs.us\/index.php\/wp-json\/wp\/v2\/comments?post=1277"}],"version-history":[{"count":4,"href":"https:\/\/jkcs.us\/index.php\/wp-json\/wp\/v2\/pages\/1277\/revisions"}],"predecessor-version":[{"id":1283,"href":"https:\/\/jkcs.us\/index.php\/wp-json\/wp\/v2\/pages\/1277\/revisions\/1283"}],"wp:attachment":[{"href":"https:\/\/jkcs.us\/index.php\/wp-json\/wp\/v2\/media?parent=1277"}],"curies":[{"name":"wp","href":"https:\/\/api.w.org\/{rel}","templated":true}]}}