{"id":1287,"date":"2025-05-02T21:54:10","date_gmt":"2025-05-03T02:54:10","guid":{"rendered":"https:\/\/jkcs.us\/?page_id=1287"},"modified":"2025-05-02T22:01:47","modified_gmt":"2025-05-03T03:01:47","slug":"post-construccion-y-remodelacion","status":"publish","type":"page","link":"https:\/\/jkcs.us\/index.php\/post-construccion-y-remodelacion\/","title":{"rendered":"POST-CONSTRUCCION Y REMODELACION"},"content":{"rendered":"\t\t<div data-elementor-type=\"wp-page\" data-elementor-id=\"1287\" class=\"elementor elementor-1287\" data-elementor-post-type=\"page\">\n\t\t\t\t<div class=\"elementor-element elementor-element-3861c35b e-flex e-con-boxed e-con e-parent\" data-id=\"3861c35b\" data-element_type=\"container\">\n\t\t\t\t\t<div class=\"e-con-inner\">\n\t\t<div class=\"elementor-element elementor-element-6fd26b48 e-con-full e-flex e-con e-child\" data-id=\"6fd26b48\" data-element_type=\"container\">\n\t\t<div class=\"elementor-element elementor-element-22b48f63 e-con-full e-flex e-con e-child\" data-id=\"22b48f63\" data-element_type=\"container\">\n\t\t\t\t<div class=\"elementor-element elementor-element-35a0366e elementor-widget elementor-widget-heading\" data-id=\"35a0366e\" data-element_type=\"widget\" data-widget_type=\"heading.default\">\n\t\t\t\t<div class=\"elementor-widget-container\">\n\t\t\t\t\t<h2 class=\"elementor-heading-title elementor-size-default\"><h2 class=\"elementor-heading-title elementor-size-default\" style=\"font-family: Poppins, sans-serif; font-weight: 600; color: rgb(8, 8, 8); white-space-collapse: collapse;\">Limpieza post-construcci\u00f3n o post-remodelaci\u00f3n<\/h2><\/h2>\t\t\t\t<\/div>\n\t\t\t\t<\/div>\n\t\t\t\t<div class=\"elementor-element elementor-element-4212eea0 elementor-widget elementor-widget-image\" data-id=\"4212eea0\" data-element_type=\"widget\" data-widget_type=\"image.default\">\n\t\t\t\t<div class=\"elementor-widget-container\">\n\t\t\t\t\t\t\t\t\t\t\t\t\t\t\t<img fetchpriority=\"high\" decoding=\"async\" width=\"768\" height=\"1024\" src=\"https:\/\/jkcs.us\/wp-content\/uploads\/2025\/04\/WhatsApp-Image-2025-04-02-at-15.57.35-768x1024.jpeg\" class=\"attachment-large size-large wp-image-806\" alt=\"\" srcset=\"https:\/\/jkcs.us\/wp-content\/uploads\/2025\/04\/WhatsApp-Image-2025-04-02-at-15.57.35-768x1024.jpeg 768w, https:\/\/jkcs.us\/wp-content\/uploads\/2025\/04\/WhatsApp-Image-2025-04-02-at-15.57.35-225x300.jpeg 225w, https:\/\/jkcs.us\/wp-content\/uploads\/2025\/04\/WhatsApp-Image-2025-04-02-at-15.57.35-1152x1536.jpeg 1152w, https:\/\/jkcs.us\/wp-content\/uploads\/2025\/04\/WhatsApp-Image-2025-04-02-at-15.57.35.jpeg 1500w\" sizes=\"(max-width: 768px) 100vw, 768px\" \/>\t\t\t\t\t\t\t\t\t\t\t\t\t\t\t<\/div>\n\t\t\t\t<\/div>\n\t\t\t\t<\/div>\n\t\t<div class=\"elementor-element elementor-element-27016f66 e-con-full e-flex e-con e-child\" data-id=\"27016f66\" data-element_type=\"container\">\n\t\t\t\t<div class=\"elementor-element elementor-element-3b6d4088 elementor-widget elementor-widget-text-editor\" data-id=\"3b6d4088\" data-element_type=\"widget\" data-widget_type=\"text-editor.default\">\n\t\t\t\t<div class=\"elementor-widget-container\">\n\t\t\t\t\t\t\t\t\t<p><em>Deja tu espacio libre de polvo, escombros y residuos de construcci\u00f3n con una limpieza profesional y detallada.<\/em><\/p><p>En <strong>JK Cleaning Solutions<\/strong>, ofrecemos servicios especializados de limpieza post-construcci\u00f3n, ideales para casas, oficinas o negocios recientemente construidos, remodelados o renovados. Nos aseguramos de que el espacio est\u00e9 limpio, seguro y listo para ser ocupado o entregado.<\/p><p><strong>\u00bfQu\u00e9 incluye este servicio?<\/strong><\/p><ul><li>Eliminaci\u00f3n de polvo fino de paredes, techos, esquinas y superficies<\/li><li>Limpieza de ventanas, marcos, puertas, interruptores de luz y enchufes<\/li><li>Eliminaci\u00f3n de residuos de construcci\u00f3n como cemento, pintura o silicona<\/li><li>Aspirado profundo y fregado de pisos<\/li><li>Limpieza detallada de cocinas y ba\u00f1os<\/li><li>Recogida y eliminaci\u00f3n de escombros o residuos ligeros de construcci\u00f3n<\/li><li>Desinfecci\u00f3n general del espacio<\/li><\/ul><p><strong>Beneficios de la limpieza post-construcci\u00f3n:<\/strong><\/p><p><em>Entorno listo para entrar a vivir<\/em>: El espacio queda completamente limpio y seguro para su ocupaci\u00f3n o entrega.<\/p><p><em> Retirada de escombros peligrosos<\/em>: Eliminamos polvo, clavos, astillas y otros residuos que puedan suponer un riesgo.<\/p><p><em> Presentaci\u00f3n mejorada del proyecto<\/em>: Ideal para constructores, arquitectos o propietarios que desean mostrar el espacio en su mejor momento.<\/p><p><em>Ahorro de tiempo<\/em>: Nos encargamos de todo el proceso de limpieza para que usted no tenga que preocuparse por el desorden una vez finalizada la obra.<\/p><p><strong>Personal capacitado y productos de calidad:<\/strong><br \/>Nuestro equipo est\u00e1 especialmente capacitado para este tipo de limpieza, con conocimiento de materiales delicados, precauciones de seguridad y t\u00e9cnicas efectivas. Utilizamos productos profesionales, ecol\u00f3gicos y de alta calidad que eliminan la suciedad sin da\u00f1ar los acabados ni comprometer la salud.<\/p><p><strong>\u00bfPor qu\u00e9 es importante la limpieza profesional post-construcci\u00f3n?<\/strong><br \/>Tras la construcci\u00f3n, el polvo y los escombros se acumulan en cada rinc\u00f3n. Una limpieza profesional garantiza que el espacio no solo est\u00e9 visiblemente limpio, sino tambi\u00e9n higi\u00e9nico y habitable, cuidando cada detalle y protegiendo su inversi\u00f3n.<\/p>\t\t\t\t\t\t\t\t<\/div>\n\t\t\t\t<\/div>\n\t\t\t\t<\/div>\n\t\t\t\t<\/div>\n\t\t\t\t\t<\/div>\n\t\t\t\t<\/div>\n\t\t\t\t<\/div>\n\t\t","protected":false},"excerpt":{"rendered":"<p>Limpieza post-construcci\u00f3n o post-remodelaci\u00f3n Deja tu espacio libre de polvo, escombros y residuos de construcci\u00f3n con una limpieza profesional y detallada. En JK Cleaning Solutions, ofrecemos servicios especializados de limpieza post-construcci\u00f3n, ideales para casas, oficinas o negocios recientemente construidos, remodelados o renovados. Nos aseguramos de que el espacio est\u00e9 limpio, seguro y listo para ser [&hellip;]<\/p>\n","protected":false},"author":1,"featured_media":0,"parent":0,"menu_order":0,"comment_status":"closed","ping_status":"closed","template":"","meta":{"footnotes":""},"class_list":["post-1287","page","type-page","status-publish","hentry"],"_links":{"self":[{"href":"https:\/\/jkcs.us\/index.php\/wp-json\/wp\/v2\/pages\/1287","targetHints":{"allow":["GET"]}}],"collection":[{"href":"https:\/\/jkcs.us\/index.php\/wp-json\/wp\/v2\/pages"}],"about":[{"href":"https:\/\/jkcs.us\/index.php\/wp-json\/wp\/v2\/types\/page"}],"author":[{"embeddable":true,"href":"https:\/\/jkcs.us\/index.php\/wp-json\/wp\/v2\/users\/1"}],"replies":[{"embeddable":true,"href":"https:\/\/jkcs.us\/index.php\/wp-json\/wp\/v2\/comments?post=1287"}],"version-history":[{"count":7,"href":"https:\/\/jkcs.us\/index.php\/wp-json\/wp\/v2\/pages\/1287\/revisions"}],"predecessor-version":[{"id":1296,"href":"https:\/\/jkcs.us\/index.php\/wp-json\/wp\/v2\/pages\/1287\/revisions\/1296"}],"wp:attachment":[{"href":"https:\/\/jkcs.us\/index.php\/wp-json\/wp\/v2\/media?parent=1287"}],"curies":[{"name":"wp","href":"https:\/\/api.w.org\/{rel}","templated":true}]}}