{"id":1300,"date":"2025-05-02T22:05:05","date_gmt":"2025-05-03T03:05:05","guid":{"rendered":"https:\/\/jkcs.us\/?page_id=1300"},"modified":"2025-05-02T22:15:18","modified_gmt":"2025-05-03T03:15:18","slug":"servicio-de-limpieza-adulto-mayor","status":"publish","type":"page","link":"https:\/\/jkcs.us\/index.php\/servicio-de-limpieza-adulto-mayor\/","title":{"rendered":"SERVICIO DE LIMPIEZA ADULTO MAYOR"},"content":{"rendered":"\t\t<div data-elementor-type=\"wp-page\" data-elementor-id=\"1300\" class=\"elementor elementor-1300\" data-elementor-post-type=\"page\">\n\t\t\t\t<div class=\"elementor-element elementor-element-75306432 e-flex e-con-boxed e-con e-parent\" data-id=\"75306432\" data-element_type=\"container\">\n\t\t\t\t\t<div class=\"e-con-inner\">\n\t\t<div class=\"elementor-element elementor-element-4a649c15 e-con-full e-flex e-con e-child\" data-id=\"4a649c15\" data-element_type=\"container\">\n\t\t\t\t<div class=\"elementor-element elementor-element-69538a4e elementor-widget elementor-widget-heading\" data-id=\"69538a4e\" data-element_type=\"widget\" data-widget_type=\"heading.default\">\n\t\t\t\t<div class=\"elementor-widget-container\">\n\t\t\t\t\t<h2 class=\"elementor-heading-title elementor-size-default\"><h2 class=\"elementor-heading-title elementor-size-default\" style=\"font-family: Poppins, sans-serif; font-weight: 600; color: rgb(8, 8, 8); white-space-collapse: collapse;\">Servicio de limpieza para personas mayores<\/h2><\/h2>\t\t\t\t<\/div>\n\t\t\t\t<\/div>\n\t\t\t\t<div class=\"elementor-element elementor-element-2e521aec elementor-widget elementor-widget-image\" data-id=\"2e521aec\" data-element_type=\"widget\" data-widget_type=\"image.default\">\n\t\t\t\t<div class=\"elementor-widget-container\">\n\t\t\t\t\t\t\t\t\t\t\t\t\t\t\t<img fetchpriority=\"high\" decoding=\"async\" width=\"768\" height=\"1024\" src=\"https:\/\/jkcs.us\/wp-content\/uploads\/2025\/04\/WhatsApp-Image-2025-04-02-at-16.05.01-1-768x1024.jpeg\" class=\"attachment-large size-large wp-image-813\" alt=\"\" srcset=\"https:\/\/jkcs.us\/wp-content\/uploads\/2025\/04\/WhatsApp-Image-2025-04-02-at-16.05.01-1-768x1024.jpeg 768w, https:\/\/jkcs.us\/wp-content\/uploads\/2025\/04\/WhatsApp-Image-2025-04-02-at-16.05.01-1-225x300.jpeg 225w, https:\/\/jkcs.us\/wp-content\/uploads\/2025\/04\/WhatsApp-Image-2025-04-02-at-16.05.01-1-1152x1536.jpeg 1152w, https:\/\/jkcs.us\/wp-content\/uploads\/2025\/04\/WhatsApp-Image-2025-04-02-at-16.05.01-1.jpeg 1500w\" sizes=\"(max-width: 768px) 100vw, 768px\" \/>\t\t\t\t\t\t\t\t\t\t\t\t\t\t\t<\/div>\n\t\t\t\t<\/div>\n\t\t\t\t<\/div>\n\t\t<div class=\"elementor-element elementor-element-71eb4ead e-con-full e-flex e-con e-child\" data-id=\"71eb4ead\" data-element_type=\"container\">\n\t\t\t\t<div class=\"elementor-element elementor-element-35473c29 elementor-widget elementor-widget-text-editor\" data-id=\"35473c29\" data-element_type=\"widget\" data-widget_type=\"text-editor.default\">\n\t\t\t\t<div class=\"elementor-widget-container\">\n\t\t\t\t\t\t\t\t\t<p><em>Cuidamos su hogar con amabilidad, paciencia y respeto.<\/em><\/p><p>En <strong>JK Cleaning Solutions<\/strong>, entendemos que muchas personas mayores necesitan apoyo para mantener sus hogares limpios, seguros y c\u00f3modos. Por eso, ofrecemos un servicio de limpieza especializado, dise\u00f1ado para satisfacer sus necesidades con empat\u00eda, responsabilidad y atenci\u00f3n al detalle.<\/p><p><strong>\u00bfQu\u00e9 es este tipo de servicio?<\/strong><br \/>Es un servicio de limpieza adaptado al ritmo y estilo de vida de las personas mayores. Nos enfocamos en crear un ambiente limpio, organizado y seguro, sin interrumpir ni alterar su rutina.<\/p><p><strong>\u00bfQu\u00e9 incluye?<\/strong><\/p><ul><li>Limpieza de ba\u00f1os, cocina, dormitorios y zonas comunes<\/li><li>Barrido, aspirado y fregado de suelos<\/li><li>Limpieza de superficies, muebles y objetos personales<\/li><li>Desinfecci\u00f3n de zonas de alto contacto<\/li><li>Limpieza del exterior de electrodom\u00e9sticos y orden general del hogar<\/li><li>Servicios adicionales a petici\u00f3n (como cambio de ropa de cama, organizaci\u00f3n ligera, etc.)<\/li><\/ul><p><strong>Beneficios del servicio:<\/strong><\/p><p><em>Ambiente limpio y saludable<\/em>: Ayuda a prevenir alergias, ca\u00eddas y enfermedades.<\/p><p><em>Comodidad y bienestar emocional<\/em>: Un hogar ordenado brinda paz y mejora el estado de \u00e1nimo.<\/p><p><em> Tranquilidad para los familiares<\/em>: Saber que sus seres queridos est\u00e1n en un espacio limpio y cuidado.<\/p><p><em>Atenci\u00f3n personalizada<\/em>: Adaptamos el servicio a las necesidades y preferencias individuales.<\/p><p><strong>Personal capacitado y confiable:<\/strong><br \/>Nuestro equipo est\u00e1 capacitado no solo en t\u00e9cnicas de limpieza, sino tambi\u00e9n en un trato respetuoso, amable y paciente con las personas mayores. Valoramos su tranquilidad y siempre trabajamos con sensibilidad y discreci\u00f3n.<\/p><p><strong>Productos seguros y de alta calidad:<\/strong><br \/>Utilizamos productos de limpieza ecol\u00f3gicos y no t\u00f3xicos, cuidadosamente seleccionados para que sean efectivos y suaves, perfectos para personas con sensibilidad respiratoria o alergias.<\/p><p>Porque se merecen lo mejor. Cuidamos su hogar como si fuera el nuestro: con dedicaci\u00f3n, responsabilidad y profundo respeto.<\/p>\t\t\t\t\t\t\t\t<\/div>\n\t\t\t\t<\/div>\n\t\t\t\t<\/div>\n\t\t\t\t\t<\/div>\n\t\t\t\t<\/div>\n\t\t\t\t<\/div>\n\t\t","protected":false},"excerpt":{"rendered":"<p>Servicio de limpieza para personas mayores Cuidamos su hogar con amabilidad, paciencia y respeto. En JK Cleaning Solutions, entendemos que muchas personas mayores necesitan apoyo para mantener sus hogares limpios, seguros y c\u00f3modos. Por eso, ofrecemos un servicio de limpieza especializado, dise\u00f1ado para satisfacer sus necesidades con empat\u00eda, responsabilidad y atenci\u00f3n al detalle. \u00bfQu\u00e9 es [&hellip;]<\/p>\n","protected":false},"author":1,"featured_media":0,"parent":0,"menu_order":0,"comment_status":"closed","ping_status":"closed","template":"","meta":{"footnotes":""},"class_list":["post-1300","page","type-page","status-publish","hentry"],"_links":{"self":[{"href":"https:\/\/jkcs.us\/index.php\/wp-json\/wp\/v2\/pages\/1300","targetHints":{"allow":["GET"]}}],"collection":[{"href":"https:\/\/jkcs.us\/index.php\/wp-json\/wp\/v2\/pages"}],"about":[{"href":"https:\/\/jkcs.us\/index.php\/wp-json\/wp\/v2\/types\/page"}],"author":[{"embeddable":true,"href":"https:\/\/jkcs.us\/index.php\/wp-json\/wp\/v2\/users\/1"}],"replies":[{"embeddable":true,"href":"https:\/\/jkcs.us\/index.php\/wp-json\/wp\/v2\/comments?post=1300"}],"version-history":[{"count":4,"href":"https:\/\/jkcs.us\/index.php\/wp-json\/wp\/v2\/pages\/1300\/revisions"}],"predecessor-version":[{"id":1306,"href":"https:\/\/jkcs.us\/index.php\/wp-json\/wp\/v2\/pages\/1300\/revisions\/1306"}],"wp:attachment":[{"href":"https:\/\/jkcs.us\/index.php\/wp-json\/wp\/v2\/media?parent=1300"}],"curies":[{"name":"wp","href":"https:\/\/api.w.org\/{rel}","templated":true}]}}