{"id":1320,"date":"2025-05-02T22:28:22","date_gmt":"2025-05-03T03:28:22","guid":{"rendered":"https:\/\/jkcs.us\/?page_id=1320"},"modified":"2025-05-02T22:36:20","modified_gmt":"2025-05-03T03:36:20","slug":"limpieza-de-ventana-residencial-y-comercial","status":"publish","type":"page","link":"https:\/\/jkcs.us\/index.php\/limpieza-de-ventana-residencial-y-comercial\/","title":{"rendered":"LIMPIEZA DE VENTANA RESIDENCIAL Y COMERCIAL"},"content":{"rendered":"\t\t<div data-elementor-type=\"wp-page\" data-elementor-id=\"1320\" class=\"elementor elementor-1320\" data-elementor-post-type=\"page\">\n\t\t\t\t<div class=\"elementor-element elementor-element-20631229 e-flex e-con-boxed e-con e-parent\" data-id=\"20631229\" data-element_type=\"container\">\n\t\t\t\t\t<div class=\"e-con-inner\">\n\t\t<div class=\"elementor-element elementor-element-4f15cfa e-con-full e-flex e-con e-child\" data-id=\"4f15cfa\" data-element_type=\"container\">\n\t\t\t\t<div class=\"elementor-element elementor-element-204c5816 elementor-widget elementor-widget-heading\" data-id=\"204c5816\" data-element_type=\"widget\" data-widget_type=\"heading.default\">\n\t\t\t\t<div class=\"elementor-widget-container\">\n\t\t\t\t\t<h2 class=\"elementor-heading-title elementor-size-default\"><h2 class=\"elementor-heading-title elementor-size-default\" style=\"font-family: Poppins, sans-serif; font-weight: 600; color: rgb(8, 8, 8); white-space-collapse: collapse;\">Limpieza de ventanas \u2013 Residencial y comercial<\/h2><\/h2>\t\t\t\t<\/div>\n\t\t\t\t<\/div>\n\t\t\t\t<div class=\"elementor-element elementor-element-1f420279 elementor-widget elementor-widget-image\" data-id=\"1f420279\" data-element_type=\"widget\" data-widget_type=\"image.default\">\n\t\t\t\t<div class=\"elementor-widget-container\">\n\t\t\t\t\t\t\t\t\t\t\t\t\t\t\t<img fetchpriority=\"high\" decoding=\"async\" width=\"800\" height=\"599\" src=\"https:\/\/jkcs.us\/wp-content\/uploads\/2025\/04\/WhatsApp-Image-2025-04-02-at-15.41.05-1024x767.jpeg\" class=\"attachment-large size-large wp-image-313\" alt=\"\" srcset=\"https:\/\/jkcs.us\/wp-content\/uploads\/2025\/04\/WhatsApp-Image-2025-04-02-at-15.41.05-1024x767.jpeg 1024w, https:\/\/jkcs.us\/wp-content\/uploads\/2025\/04\/WhatsApp-Image-2025-04-02-at-15.41.05-300x225.jpeg 300w, https:\/\/jkcs.us\/wp-content\/uploads\/2025\/04\/WhatsApp-Image-2025-04-02-at-15.41.05-768x575.jpeg 768w, https:\/\/jkcs.us\/wp-content\/uploads\/2025\/04\/WhatsApp-Image-2025-04-02-at-15.41.05.jpeg 1079w\" sizes=\"(max-width: 800px) 100vw, 800px\" \/>\t\t\t\t\t\t\t\t\t\t\t\t\t\t\t<\/div>\n\t\t\t\t<\/div>\n\t\t\t\t<div class=\"elementor-element elementor-element-1218441a elementor-widget elementor-widget-image\" data-id=\"1218441a\" data-element_type=\"widget\" data-widget_type=\"image.default\">\n\t\t\t\t<div class=\"elementor-widget-container\">\n\t\t\t\t\t\t\t\t\t\t\t\t\t\t\t<img decoding=\"async\" width=\"768\" height=\"1024\" src=\"https:\/\/jkcs.us\/wp-content\/uploads\/2025\/04\/15-768x1024.jpeg\" class=\"attachment-large size-large wp-image-736\" alt=\"\" srcset=\"https:\/\/jkcs.us\/wp-content\/uploads\/2025\/04\/15-768x1024.jpeg 768w, https:\/\/jkcs.us\/wp-content\/uploads\/2025\/04\/15-225x300.jpeg 225w, https:\/\/jkcs.us\/wp-content\/uploads\/2025\/04\/15-1152x1536.jpeg 1152w, https:\/\/jkcs.us\/wp-content\/uploads\/2025\/04\/15.jpeg 1500w\" sizes=\"(max-width: 768px) 100vw, 768px\" \/>\t\t\t\t\t\t\t\t\t\t\t\t\t\t\t<\/div>\n\t\t\t\t<\/div>\n\t\t\t\t<\/div>\n\t\t<div class=\"elementor-element elementor-element-77021baa e-con-full e-flex e-con e-child\" data-id=\"77021baa\" data-element_type=\"container\">\n\t\t\t\t<div class=\"elementor-element elementor-element-346e52c8 elementor-widget elementor-widget-text-editor\" data-id=\"346e52c8\" data-element_type=\"widget\" data-widget_type=\"text-editor.default\">\n\t\t\t\t<div class=\"elementor-widget-container\">\n\t\t\t\t\t\t\t\t\t<p><em>Claridad, luz natural y energ\u00eda positiva para tu hogar o negocio.<\/em><\/p><p>En <strong>JK Cleaning Solutions,<\/strong> ofrecemos servicios profesionales de limpieza de ventanas para hogares y negocios. Utilizamos productos seguros, t\u00e9cnicas efectivas y personal capacitado para dejar sus ventanas impecables, por dentro y por fuera.<\/p><p><strong>\u00bfPor qu\u00e9 es importante la limpieza de ventanas?<\/strong><br \/>Las ventanas limpias mejoran la iluminaci\u00f3n natural, mejoran la visibilidad y crean una apariencia m\u00e1s pulcra y cuidada. Adem\u00e1s, eliminan el polvo, el moho y los contaminantes que pueden afectar la salud o da\u00f1ar el vidrio con el tiempo.<\/p><p><strong>\u00bfCuales son los beneficios de este servicio?<\/strong><\/p><ul><li>Aumenta la luz natural en interiores<\/li><li>Mejora la apariencia de su propiedad<\/li><li>Protege los vidrios de manchas y corrosi\u00f3n<\/li><li>Brinda una sensaci\u00f3n de limpieza y orden<\/li><li>Promueve el bienestar visual y emocional<\/li><\/ul><p><strong>Personal capacitado y en seguridad:<\/strong><br \/>Nuestro equipo est\u00e1 experimentado y capacitado para limpiar ventanas de dif\u00edcil acceso o altas, siguiendo siempre estrictos protocolos de seguridad.<\/p><p><strong>Productos ecol\u00f3gicos de alta calidad:<\/strong><br \/>Utilizamos soluciones de limpieza profesionales y seguras para el medio ambiente que no dejan residuos y no da\u00f1an los marcos, sellos o superficies delicadas.<\/p><p><strong>Preguntas frecuentes \u2013 Limpieza de ventanas<\/strong><\/p><p><em>1.\u00bfCon qu\u00e9 frecuencia se deben limpiar las ventanas?\u00a0\u00a0<\/em> Recomendamos limpiar las ventanas al menos dos veces al a\u00f1o. En zonas costeras o con mucha lluvia o polvo, puede ser necesario hacerlo cada 3 o 4 meses.<\/p><p>2.<em> \u00bfLimpi\u00e1is las ventanas tanto por dentro como por fuera?<\/em>\u00a0 \u00a0\u00a1S\u00ed! Ofrecemos limpieza completa de ventanas, tanto por dentro como por fuera, y nos adaptamos a tus necesidades.<\/p><p>3.<em> \u00bfQu\u00e9 tipos de ventanas limpian?\u00a0\u00a0<\/em> Limpiamos todo tipo de ventanas: corredizas, panor\u00e1micas, de aluminio, de madera o de vinilo, incluyendo ventanas altas, grandes paneles de vidrio y tragaluces.<\/p><p>4. <em>\u00bfUtilizan productos qu\u00edmicos agresivos?<\/em>\u00a0 \u00a0No. Usamos productos ecol\u00f3gicos de calidad profesional que son seguros para las personas, las mascotas, las plantas y el medio ambiente. No dejan residuos y ayudan a prolongar la vida \u00fatil del vidrio.<\/p><p>5<em>. \u00bfEs seguro el servicio para ventanas delicadas o antiguas?\u00a0\u00a0<\/em> S\u00ed. Nuestro equipo est\u00e1 capacitado para manipular todo tipo de vidrio, incluyendo ventanas delicadas o antiguas, utilizando las t\u00e9cnicas y el equipo adecuados.<\/p><p>6<em>. \u00bfLimpian ventanas en altura o en edificios comerciales?<\/em>\u00a0 \u00a0S\u00ed, contamos con el equipo y el personal capacitado para limpiar ventanas en propiedades residenciales o comerciales de varios niveles, cumpliendo con todas las normas de seguridad.<\/p><p>7. <em>\u00bfQu\u00e9 debo hacer antes de que llegue su equipo?<\/em>\u00a0 \u00a0Si es posible, por favor, mueva los muebles, adornos o cortinas cerca de las ventanas. Si no, no hay problema: nos encargaremos de todo con cuidado.<\/p><p>8. <em>\u00bfCu\u00e1nto tiempo dura el servicio?<\/em>\u00a0 \u00a0Depende del n\u00famero y el tama\u00f1o de las ventanas. Un servicio est\u00e1ndar suele tardar entre 1 y 3 horas.<\/p>\t\t\t\t\t\t\t\t<\/div>\n\t\t\t\t<\/div>\n\t\t\t\t<\/div>\n\t\t\t\t\t<\/div>\n\t\t\t\t<\/div>\n\t\t\t\t<\/div>\n\t\t","protected":false},"excerpt":{"rendered":"<p>Limpieza de ventanas \u2013 Residencial y comercial Claridad, luz natural y energ\u00eda positiva para tu hogar o negocio. En JK Cleaning Solutions, ofrecemos servicios profesionales de limpieza de ventanas para hogares y negocios. Utilizamos productos seguros, t\u00e9cnicas efectivas y personal capacitado para dejar sus ventanas impecables, por dentro y por fuera. \u00bfPor qu\u00e9 es importante [&hellip;]<\/p>\n","protected":false},"author":1,"featured_media":0,"parent":0,"menu_order":0,"comment_status":"closed","ping_status":"closed","template":"","meta":{"footnotes":""},"class_list":["post-1320","page","type-page","status-publish","hentry"],"_links":{"self":[{"href":"https:\/\/jkcs.us\/index.php\/wp-json\/wp\/v2\/pages\/1320","targetHints":{"allow":["GET"]}}],"collection":[{"href":"https:\/\/jkcs.us\/index.php\/wp-json\/wp\/v2\/pages"}],"about":[{"href":"https:\/\/jkcs.us\/index.php\/wp-json\/wp\/v2\/types\/page"}],"author":[{"embeddable":true,"href":"https:\/\/jkcs.us\/index.php\/wp-json\/wp\/v2\/users\/1"}],"replies":[{"embeddable":true,"href":"https:\/\/jkcs.us\/index.php\/wp-json\/wp\/v2\/comments?post=1320"}],"version-history":[{"count":4,"href":"https:\/\/jkcs.us\/index.php\/wp-json\/wp\/v2\/pages\/1320\/revisions"}],"predecessor-version":[{"id":1326,"href":"https:\/\/jkcs.us\/index.php\/wp-json\/wp\/v2\/pages\/1320\/revisions\/1326"}],"wp:attachment":[{"href":"https:\/\/jkcs.us\/index.php\/wp-json\/wp\/v2\/media?parent=1320"}],"curies":[{"name":"wp","href":"https:\/\/api.w.org\/{rel}","templated":true}]}}