{"id":1330,"date":"2025-05-02T22:39:10","date_gmt":"2025-05-03T03:39:10","guid":{"rendered":"https:\/\/jkcs.us\/?page_id=1330"},"modified":"2025-05-02T22:47:01","modified_gmt":"2025-05-03T03:47:01","slug":"servicio-general","status":"publish","type":"page","link":"https:\/\/jkcs.us\/index.php\/servicio-general\/","title":{"rendered":"SERVICIO GENERAL"},"content":{"rendered":"\t\t<div data-elementor-type=\"wp-page\" data-elementor-id=\"1330\" class=\"elementor elementor-1330\" data-elementor-post-type=\"page\">\n\t\t\t\t<div class=\"elementor-element elementor-element-255d84d5 e-flex e-con-boxed e-con e-parent\" data-id=\"255d84d5\" data-element_type=\"container\">\n\t\t\t\t\t<div class=\"e-con-inner\">\n\t\t<div class=\"elementor-element elementor-element-9bb83ce e-con-full e-flex e-con e-child\" data-id=\"9bb83ce\" data-element_type=\"container\">\n\t\t\t\t<div class=\"elementor-element elementor-element-23d8d05 elementor-widget elementor-widget-heading\" data-id=\"23d8d05\" data-element_type=\"widget\" data-widget_type=\"heading.default\">\n\t\t\t\t<div class=\"elementor-widget-container\">\n\t\t\t\t\t<h2 class=\"elementor-heading-title elementor-size-default\"><h2 class=\"elementor-heading-title elementor-size-default\" style=\"font-family: Poppins, sans-serif; font-weight: 600; color: rgb(8, 8, 8); white-space-collapse: collapse;\">Servicio de mantenimiento \/ Servicios generales<\/h2><\/h2>\t\t\t\t<\/div>\n\t\t\t\t<\/div>\n\t\t\t\t<div class=\"elementor-element elementor-element-56430f0e elementor-widget elementor-widget-image\" data-id=\"56430f0e\" data-element_type=\"widget\" data-widget_type=\"image.default\">\n\t\t\t\t<div class=\"elementor-widget-container\">\n\t\t\t\t\t\t\t\t\t\t\t\t\t\t\t<img fetchpriority=\"high\" decoding=\"async\" width=\"800\" height=\"450\" src=\"https:\/\/jkcs.us\/wp-content\/uploads\/2025\/04\/88ee9bdf5e57caf6b57c62333ef662eaw-c0xd-w928_q80.jpg\" class=\"attachment-large size-large wp-image-833\" alt=\"\" srcset=\"https:\/\/jkcs.us\/wp-content\/uploads\/2025\/04\/88ee9bdf5e57caf6b57c62333ef662eaw-c0xd-w928_q80.jpg 928w, https:\/\/jkcs.us\/wp-content\/uploads\/2025\/04\/88ee9bdf5e57caf6b57c62333ef662eaw-c0xd-w928_q80-300x169.jpg 300w, https:\/\/jkcs.us\/wp-content\/uploads\/2025\/04\/88ee9bdf5e57caf6b57c62333ef662eaw-c0xd-w928_q80-768x432.jpg 768w\" sizes=\"(max-width: 800px) 100vw, 800px\" \/>\t\t\t\t\t\t\t\t\t\t\t\t\t\t\t<\/div>\n\t\t\t\t<\/div>\n\t\t\t\t<div class=\"elementor-element elementor-element-c81f79d elementor-widget elementor-widget-image\" data-id=\"c81f79d\" data-element_type=\"widget\" data-widget_type=\"image.default\">\n\t\t\t\t<div class=\"elementor-widget-container\">\n\t\t\t\t\t\t\t\t\t\t\t\t\t\t\t<img decoding=\"async\" width=\"800\" height=\"614\" src=\"https:\/\/jkcs.us\/wp-content\/uploads\/2025\/04\/AdobeStock_440937506-1024x786.jpeg\" class=\"attachment-large size-large wp-image-834\" alt=\"\" srcset=\"https:\/\/jkcs.us\/wp-content\/uploads\/2025\/04\/AdobeStock_440937506-1024x786.jpeg 1024w, https:\/\/jkcs.us\/wp-content\/uploads\/2025\/04\/AdobeStock_440937506-300x230.jpeg 300w, https:\/\/jkcs.us\/wp-content\/uploads\/2025\/04\/AdobeStock_440937506-768x589.jpeg 768w, https:\/\/jkcs.us\/wp-content\/uploads\/2025\/04\/AdobeStock_440937506-1536x1179.jpeg 1536w, https:\/\/jkcs.us\/wp-content\/uploads\/2025\/04\/AdobeStock_440937506-2048x1572.jpeg 2048w\" sizes=\"(max-width: 800px) 100vw, 800px\" \/>\t\t\t\t\t\t\t\t\t\t\t\t\t\t\t<\/div>\n\t\t\t\t<\/div>\n\t\t\t\t<\/div>\n\t\t<div class=\"elementor-element elementor-element-4a1332e5 e-con-full e-flex e-con e-child\" data-id=\"4a1332e5\" data-element_type=\"container\">\n\t\t\t\t<div class=\"elementor-element elementor-element-522b21b4 elementor-widget elementor-widget-text-editor\" data-id=\"522b21b4\" data-element_type=\"widget\" data-widget_type=\"text-editor.default\">\n\t\t\t\t<div class=\"elementor-widget-container\">\n\t\t\t\t\t\t\t\t\t<p><em>Soluciones pr\u00e1cticas para el mantenimiento de su hogar o negocio, con confianza y calidad.<\/em><\/p><p>En <strong>JK Cleaning Solutions<\/strong>, tambi\u00e9n ofrecemos servicios de mantenimiento, ideales para quienes necesitan ayuda con peque\u00f1as reparaciones, instalaciones o mantenimiento en su propiedad. Un servicio confiable, r\u00e1pido y profesional.<\/p><p><strong>\u00bfC\u00f3mo funciona?<\/strong><\/p><p>1. Nos contactas y nos cuentas qu\u00e9 necesitas.<\/p><p>2. Agendamos una visita en la fecha y hora que m\u00e1s te convenga.<\/p><p>3. Evaluamos el trabajo y te damos un presupuesto preciso.<\/p><p>4. Nuestro t\u00e9cnico realiza el servicio con las herramientas y los materiales adecuados.<\/p><p>5. \u00a1Listo! Trabajo limpio, profesional y con garant\u00eda.<\/p><p><strong>\u00bfQu\u00e9 hace un handyman ?<\/strong><\/p><ul><li>Reparaci\u00f3n de grifos, puertas, cerraduras y persianas<\/li><li>Instalaci\u00f3n de estantes, l\u00e1mparas, cuadros y cortinas<\/li><li>Montaje de muebles<\/li><li>Sellado de grietas, juntas y silicona en ba\u00f1os y cocinas<\/li><li>Pintura y retoques menores<\/li><li>Cambio de focos, interruptores y ventiladores de techo<\/li><li>Mantenimiento b\u00e1sico de paredes, pisos y techos<\/li><li>\u00a1Y mucho m\u00e1s!<\/li><\/ul><p>\u00a0<\/p><p><strong>Beneficios del servicio:<\/strong><\/p><p><em>Ahorro de tiempo<\/em>: Un solo profesional puede gestionar varios trabajos.<\/p><p><em>Prevenci\u00f3n de da\u00f1os mayores<\/em>: Abordar problemas menores evita costosas reparaciones futuras.<\/p><p><em>Comodidad<\/em>: No necesita contratar a varios t\u00e9cnicos; nosotros lohacemos f\u00e1cil.<\/p><p><em> Confianza y seguridad:<\/em> Trabajamos en hogares y negocios con responsabilidad y respeto.<\/p><p><strong>Personal capacitado y confiable:<\/strong><br \/>Contamos con un equipo de t\u00e9cnicos experimentados, responsables y bien equipados, que conocen su oficio y se enfocan en brindar soluciones efectivas y duraderas. Siempre ofrecemos atenci\u00f3n al detalle y un servicio amable.<\/p>\t\t\t\t\t\t\t\t<\/div>\n\t\t\t\t<\/div>\n\t\t\t\t<\/div>\n\t\t\t\t\t<\/div>\n\t\t\t\t<\/div>\n\t\t\t\t<\/div>\n\t\t","protected":false},"excerpt":{"rendered":"<p>Servicio de mantenimiento \/ Servicios generales Soluciones pr\u00e1cticas para el mantenimiento de su hogar o negocio, con confianza y calidad. En JK Cleaning Solutions, tambi\u00e9n ofrecemos servicios de mantenimiento, ideales para quienes necesitan ayuda con peque\u00f1as reparaciones, instalaciones o mantenimiento en su propiedad. Un servicio confiable, r\u00e1pido y profesional. \u00bfC\u00f3mo funciona? 1. Nos contactas y [&hellip;]<\/p>\n","protected":false},"author":1,"featured_media":0,"parent":0,"menu_order":0,"comment_status":"closed","ping_status":"closed","template":"","meta":{"footnotes":""},"class_list":["post-1330","page","type-page","status-publish","hentry"],"_links":{"self":[{"href":"https:\/\/jkcs.us\/index.php\/wp-json\/wp\/v2\/pages\/1330","targetHints":{"allow":["GET"]}}],"collection":[{"href":"https:\/\/jkcs.us\/index.php\/wp-json\/wp\/v2\/pages"}],"about":[{"href":"https:\/\/jkcs.us\/index.php\/wp-json\/wp\/v2\/types\/page"}],"author":[{"embeddable":true,"href":"https:\/\/jkcs.us\/index.php\/wp-json\/wp\/v2\/users\/1"}],"replies":[{"embeddable":true,"href":"https:\/\/jkcs.us\/index.php\/wp-json\/wp\/v2\/comments?post=1330"}],"version-history":[{"count":4,"href":"https:\/\/jkcs.us\/index.php\/wp-json\/wp\/v2\/pages\/1330\/revisions"}],"predecessor-version":[{"id":1336,"href":"https:\/\/jkcs.us\/index.php\/wp-json\/wp\/v2\/pages\/1330\/revisions\/1336"}],"wp:attachment":[{"href":"https:\/\/jkcs.us\/index.php\/wp-json\/wp\/v2\/media?parent=1330"}],"curies":[{"name":"wp","href":"https:\/\/api.w.org\/{rel}","templated":true}]}}